{"id":34,"date":"2021-05-05T19:49:03","date_gmt":"2021-05-05T19:49:03","guid":{"rendered":"https:\/\/resandemassage.se\/?page_id=34"},"modified":"2025-10-27T15:15:31","modified_gmt":"2025-10-27T14:15:31","slug":"home","status":"publish","type":"page","link":"https:\/\/resandemassage.se\/en\/","title":{"rendered":"Home"},"content":{"rendered":"<div data-elementor-type=\"wp-page\" data-elementor-id=\"34\" class=\"elementor elementor-34\" data-elementor-post-type=\"page\">\n\t\t\t\t\t\t<section class=\"elementor-section elementor-top-section elementor-element elementor-element-915f1da elementor-section-boxed elementor-section-height-default elementor-section-height-default\" data-id=\"915f1da\" data-element_type=\"section\" data-e-type=\"section\">\n\t\t\t\t\t\t<div class=\"elementor-container elementor-column-gap-default\">\n\t\t\t\t\t<div class=\"elementor-column elementor-col-100 elementor-top-column elementor-element elementor-element-7c67f22\" data-id=\"7c67f22\" data-element_type=\"column\" data-e-type=\"column\">\n\t\t\t<div class=\"elementor-widget-wrap elementor-element-populated\">\n\t\t\t\t\t\t<section class=\"elementor-section elementor-inner-section elementor-element elementor-element-7663d47 elementor-section-height-min-height elementor-section-boxed elementor-section-height-default\" data-id=\"7663d47\" data-element_type=\"section\" data-e-type=\"section\">\n\t\t\t\t\t\t<div class=\"elementor-container elementor-column-gap-default\">\n\t\t\t\t\t<div class=\"elementor-column elementor-col-100 elementor-inner-column elementor-element elementor-element-9b62236\" data-id=\"9b62236\" data-element_type=\"column\" data-e-type=\"column\">\n\t\t\t<div class=\"elementor-widget-wrap\">\n\t\t\t\t\t\t\t<\/div>\n\t\t<\/div>\n\t\t\t\t\t<\/div>\n\t\t<\/section>\n\t\t\t\t\t<\/div>\n\t\t<\/div>\n\t\t\t\t\t<\/div>\n\t\t<\/section>\n\t\t\t\t<main class=\"elementor-section elementor-top-section elementor-element elementor-element-7fb9591 elementor-section-height-min-height elementor-section-boxed elementor-section-height-default elementor-section-items-middle\" data-id=\"7fb9591\" data-element_type=\"section\" data-e-type=\"section\">\n\t\t\t\t\t\t<div class=\"elementor-container elementor-column-gap-default\">\n\t\t\t\t\t<div class=\"elementor-column elementor-col-100 elementor-top-column elementor-element elementor-element-2ef30d37\" data-id=\"2ef30d37\" data-element_type=\"column\" data-e-type=\"column\" data-settings=\"{&quot;background_background&quot;:&quot;classic&quot;}\">\n\t\t\t<div class=\"elementor-widget-wrap elementor-element-populated\">\n\t\t\t\t\t\t<section class=\"elementor-section elementor-inner-section elementor-element elementor-element-53b4737 elementor-section-boxed elementor-section-height-default elementor-section-height-default\" data-id=\"53b4737\" data-element_type=\"section\" data-e-type=\"section\">\n\t\t\t\t\t\t<div class=\"elementor-container elementor-column-gap-default\">\n\t\t\t\t\t<div class=\"elementor-column elementor-col-33 elementor-inner-column elementor-element elementor-element-260808a\" data-id=\"260808a\" data-element_type=\"column\" data-e-type=\"column\">\n\t\t\t<div class=\"elementor-widget-wrap\">\n\t\t\t\t\t\t\t<\/div>\n\t\t<\/div>\n\t\t\t\t<div class=\"elementor-column elementor-col-33 elementor-inner-column elementor-element elementor-element-3565c93\" data-id=\"3565c93\" data-element_type=\"column\" data-e-type=\"column\">\n\t\t\t<div class=\"elementor-widget-wrap elementor-element-populated\">\n\t\t\t\t\t\t<div class=\"elementor-element elementor-element-d9585c6 elementor-widget__width-inherit elementor-widget elementor-widget-image\" data-id=\"d9585c6\" data-element_type=\"widget\" data-e-type=\"widget\" data-widget_type=\"image.default\">\n\t\t\t\t<div class=\"elementor-widget-container\">\n\t\t\t\t\t\t\t\t\t\t\t\t\t\t\t<img fetchpriority=\"high\" decoding=\"async\" width=\"750\" height=\"99\" src=\"https:\/\/resandemassage.se\/wp-content\/uploads\/2021\/05\/ResandeLogo_Text_GradientGold-1024x135.webp\" class=\"attachment-large size-large wp-image-69\" alt=\"\" srcset=\"https:\/\/resandemassage.se\/wp-content\/uploads\/2021\/05\/ResandeLogo_Text_GradientGold-1024x135.webp 1024w, https:\/\/resandemassage.se\/wp-content\/uploads\/2021\/05\/ResandeLogo_Text_GradientGold-300x40.webp 300w, https:\/\/resandemassage.se\/wp-content\/uploads\/2021\/05\/ResandeLogo_Text_GradientGold-768x102.webp 768w, https:\/\/resandemassage.se\/wp-content\/uploads\/2021\/05\/ResandeLogo_Text_GradientGold-1536x203.webp 1536w, https:\/\/resandemassage.se\/wp-content\/uploads\/2021\/05\/ResandeLogo_Text_GradientGold-2048x271.webp 1920w, https:\/\/resandemassage.se\/wp-content\/uploads\/2021\/05\/ResandeLogo_Text_GradientGold-1568x207.webp 1568w, https:\/\/resandemassage.se\/wp-content\/uploads\/2021\/05\/elementor\/thumbs\/ResandeLogo_Text_GradientGold-p6qinu31zoc5hlwir61rklzktig185c87j2a4s5ioi.png 650w\" sizes=\"(max-width: 750px) 100vw, 750px\" style=\"width:100%;height:13.23%;max-width:2472px\" \/>\t\t\t\t\t\t\t\t\t\t\t\t\t\t\t<\/div>\n\t\t\t\t<\/div>\n\t\t\t\t\t<\/div>\n\t\t<\/div>\n\t\t\t\t<div class=\"elementor-column elementor-col-33 elementor-inner-column elementor-element elementor-element-3e60e29\" data-id=\"3e60e29\" data-element_type=\"column\" data-e-type=\"column\">\n\t\t\t<div class=\"elementor-widget-wrap\">\n\t\t\t\t\t\t\t<\/div>\n\t\t<\/div>\n\t\t\t\t\t<\/div>\n\t\t<\/section>\n\t\t\t\t<section class=\"elementor-section elementor-inner-section elementor-element elementor-element-bafc6aa elementor-section-height-min-height elementor-section-boxed elementor-section-height-default\" data-id=\"bafc6aa\" data-element_type=\"section\" data-e-type=\"section\">\n\t\t\t\t\t\t<div class=\"elementor-container elementor-column-gap-default\">\n\t\t\t\t\t<div class=\"elementor-column elementor-col-100 elementor-inner-column elementor-element elementor-element-6a2a006\" data-id=\"6a2a006\" data-element_type=\"column\" data-e-type=\"column\">\n\t\t\t<div class=\"elementor-widget-wrap elementor-element-populated\">\n\t\t\t\t\t\t<div class=\"elementor-element elementor-element-992d5e1 elementor-widget elementor-widget-text-editor\" data-id=\"992d5e1\" data-element_type=\"widget\" data-e-type=\"widget\" data-widget_type=\"text-editor.default\">\n\t\t\t\t<div class=\"elementor-widget-container\">\n\t\t\t\t\t\t\t\t\t<p>We come to you or your business.<\/p>\t\t\t\t\t\t\t\t<\/div>\n\t\t\t\t<\/div>\n\t\t\t\t\t<\/div>\n\t\t<\/div>\n\t\t\t\t\t<\/div>\n\t\t<\/section>\n\t\t\t\t<section class=\"elementor-section elementor-inner-section elementor-element elementor-element-30ab24d elementor-section-boxed elementor-section-height-default elementor-section-height-default\" data-id=\"30ab24d\" data-element_type=\"section\" data-e-type=\"section\">\n\t\t\t\t\t\t<div class=\"elementor-container elementor-column-gap-default\">\n\t\t\t\t\t<div class=\"elementor-column elementor-col-100 elementor-inner-column elementor-element elementor-element-3534e24\" data-id=\"3534e24\" data-element_type=\"column\" data-e-type=\"column\">\n\t\t\t<div class=\"elementor-widget-wrap elementor-element-populated\">\n\t\t\t\t\t\t<div class=\"elementor-element elementor-element-7ad9fb4 elementor-cta--layout-image-above elementor-cta--skin-classic elementor-animated-content elementor-bg-transform elementor-bg-transform-zoom-in elementor-widget elementor-widget-call-to-action\" data-id=\"7ad9fb4\" data-element_type=\"widget\" data-e-type=\"widget\" data-widget_type=\"call-to-action.default\">\n\t\t\t\t<div class=\"elementor-widget-container\">\n\t\t\t\t\t\t\t<div class=\"elementor-cta\">\n\t\t\t\t\t<div class=\"elementor-cta__bg-wrapper\">\n\t\t\t\t<div class=\"elementor-cta__bg elementor-bg\" style=\"background-image: url(https:\/\/resandemassage.se\/wp-content\/uploads\/2021\/05\/Picture-2-1024x624.webp);\" role=\"img\" aria-label=\"Picture 2\"><\/div>\n\t\t\t\t<div class=\"elementor-cta__bg-overlay\"><\/div>\n\t\t\t<\/div>\n\t\t\t\t\t\t\t<div class=\"elementor-cta__content\">\n\t\t\t\t\n\t\t\t\t\t\t\t\t\t<h2 class=\"elementor-cta__title elementor-cta__content-item elementor-content-item\">\n\t\t\t\t\t\tBook today!\t\t\t\t\t<\/h2>\n\t\t\t\t\n\t\t\t\t\t\t\t\t\t<div class=\"elementor-cta__description elementor-cta__content-item elementor-content-item\">\n\t\t\t\t\t\tTreat yourself to a professional massage - in the comfort of your own home\t\t\t\t\t<\/div>\n\t\t\t\t\n\t\t\t\t\t\t\t\t\t<div class=\"elementor-cta__button-wrapper elementor-cta__content-item elementor-content-item\">\n\t\t\t\t\t<a class=\"elementor-cta__button elementor-button elementor-size-\" href=\"mailto:bokning@resandemassage.se\">\n\t\t\t\t\t\tBook now\t\t\t\t\t<\/a>\n\t\t\t\t\t<\/div>\n\t\t\t\t\t\t\t<\/div>\n\t\t\t\t\t\t<\/div>\n\t\t\t\t\t\t<\/div>\n\t\t\t\t<\/div>\n\t\t\t\t\t<\/div>\n\t\t<\/div>\n\t\t\t\t\t<\/div>\n\t\t<\/section>\n\t\t\t\t\t<\/div>\n\t\t<\/div>\n\t\t\t\t\t<\/div>\n\t\t<\/main>\n\t\t\t\t<section class=\"elementor-section elementor-top-section elementor-element elementor-element-91ea47f elementor-section-boxed elementor-section-height-default elementor-section-height-default\" data-id=\"91ea47f\" data-element_type=\"section\" data-e-type=\"section\">\n\t\t\t\t\t\t<div class=\"elementor-container elementor-column-gap-default\">\n\t\t\t\t\t\t<\/div>\n\t\t<\/section>\n\t\t\t\t<section class=\"elementor-section elementor-top-section elementor-element elementor-element-85906b3 elementor-section-height-min-height elementor-section-boxed elementor-section-height-default elementor-section-items-middle\" data-id=\"85906b3\" data-element_type=\"section\" data-e-type=\"section\">\n\t\t\t\t\t\t<div class=\"elementor-container elementor-column-gap-default\">\n\t\t\t\t\t<div class=\"elementor-column elementor-col-50 elementor-top-column elementor-element elementor-element-c87aa2f\" data-id=\"c87aa2f\" data-element_type=\"column\" data-e-type=\"column\">\n\t\t\t<div class=\"elementor-widget-wrap\">\n\t\t\t\t\t\t\t<\/div>\n\t\t<\/div>\n\t\t\t\t<div class=\"elementor-column elementor-col-50 elementor-top-column elementor-element elementor-element-609708b\" data-id=\"609708b\" data-element_type=\"column\" data-e-type=\"column\">\n\t\t\t<div class=\"elementor-widget-wrap\">\n\t\t\t\t\t\t\t<\/div>\n\t\t<\/div>\n\t\t\t\t\t<\/div>\n\t\t<\/section>\n\t\t\t\t<section class=\"elementor-section elementor-top-section elementor-element elementor-element-2b1864e elementor-section-boxed elementor-section-height-default elementor-section-height-default\" data-id=\"2b1864e\" data-element_type=\"section\" data-e-type=\"section\">\n\t\t\t\t\t\t<div class=\"elementor-container elementor-column-gap-default\">\n\t\t\t\t\t\t<\/div>\n\t\t<\/section>\n\t\t\t\t<section class=\"elementor-section elementor-top-section elementor-element elementor-element-c95ad28 elementor-section-boxed elementor-section-height-default elementor-section-height-default\" data-id=\"c95ad28\" data-element_type=\"section\" data-e-type=\"section\">\n\t\t\t\t\t\t<div class=\"elementor-container elementor-column-gap-default\">\n\t\t\t\t\t<div class=\"elementor-column elementor-col-100 elementor-top-column elementor-element elementor-element-674302f\" data-id=\"674302f\" data-element_type=\"column\" data-e-type=\"column\">\n\t\t\t<div class=\"elementor-widget-wrap elementor-element-populated\">\n\t\t\t\t\t\t<section class=\"elementor-section elementor-inner-section elementor-element elementor-element-fc1738a elementor-section-boxed elementor-section-height-default elementor-section-height-default\" data-id=\"fc1738a\" data-element_type=\"section\" data-e-type=\"section\">\n\t\t\t\t\t\t<div class=\"elementor-container elementor-column-gap-default\">\n\t\t\t\t\t<div class=\"elementor-column elementor-col-50 elementor-inner-column elementor-element elementor-element-77e1e4d\" data-id=\"77e1e4d\" data-element_type=\"column\" data-e-type=\"column\">\n\t\t\t<div class=\"elementor-widget-wrap\">\n\t\t\t\t\t\t\t<\/div>\n\t\t<\/div>\n\t\t\t\t<div class=\"elementor-column elementor-col-50 elementor-inner-column elementor-element elementor-element-1940598\" data-id=\"1940598\" data-element_type=\"column\" data-e-type=\"column\">\n\t\t\t<div class=\"elementor-widget-wrap\">\n\t\t\t\t\t\t\t<\/div>\n\t\t<\/div>\n\t\t\t\t\t<\/div>\n\t\t<\/section>\n\t\t\t\t\t<\/div>\n\t\t<\/div>\n\t\t\t\t\t<\/div>\n\t\t<\/section>\n\t\t\t\t<\/div>","protected":false},"excerpt":{"rendered":"<p>Vi kommer till dig eller ditt f\u00f6retag. Boka idag! Unna dig en professionell massage \u2013 i lugnet av ditt eget hem Boka nu<\/p>","protected":false},"author":1,"featured_media":1180,"parent":0,"menu_order":0,"comment_status":"closed","ping_status":"closed","template":"","meta":{"_monsterinsights_skip_tracking":false,"_monsterinsights_sitenote_active":false,"_monsterinsights_sitenote_note":"","_monsterinsights_sitenote_category":0,"footnotes":""},"class_list":["post-34","page","type-page","status-publish","has-post-thumbnail","hentry","entry"],"yoast_head":"<!-- This site is optimized with the Yoast SEO plugin v27.4 - https:\/\/yoast.com\/product\/yoast-seo-wordpress\/ -->\n<title>Hem | Massage i \u00c5re \u2013 Resande Massage %<\/title>\n<meta name=\"description\" content=\"Djupg\u00e5ende och professionell massage i \u00c5re. Hemmassage, f\u00f6retagsmassage och triggerpunktbehandlingar anpassade efter dig. Boka idag!\" \/>\n<meta name=\"robots\" content=\"index, follow, max-snippet:-1, max-image-preview:large, max-video-preview:-1\" \/>\n<link rel=\"canonical\" href=\"https:\/\/resandemassage.se\/en\/\" \/>\n<meta property=\"og:locale\" content=\"en_GB\" \/>\n<meta property=\"og:type\" content=\"article\" \/>\n<meta property=\"og:title\" content=\"Resande Massage - \u00c5re\" \/>\n<meta property=\"og:description\" content=\"Jag erbjuder medicinsk massage som anpassas efter dina behov - hemma hos dig, p\u00e5 ditt f\u00f6retag eller p\u00e5 annan plats i \u00c5re med omnejd.\" \/>\n<meta property=\"og:url\" content=\"https:\/\/resandemassage.se\/en\/\" \/>\n<meta property=\"og:site_name\" content=\"Resande Massage \u2013 \u00c5re\" \/>\n<meta property=\"article:publisher\" content=\"https:\/\/www.facebook.com\/resandemassage\" \/>\n<meta property=\"article:modified_time\" content=\"2025-10-27T14:15:31+00:00\" \/>\n<meta property=\"og:image\" content=\"https:\/\/resandemassage.se\/wp-content\/uploads\/2025\/09\/SiteImage.webp\" \/>\n\t<meta property=\"og:image:width\" content=\"1230\" \/>\n\t<meta property=\"og:image:height\" content=\"630\" \/>\n\t<meta property=\"og:image:type\" content=\"image\/webp\" \/>\n<meta name=\"twitter:card\" content=\"summary_large_image\" \/>\n<meta name=\"twitter:label1\" content=\"Estimated reading time\" \/>\n\t<meta name=\"twitter:data1\" content=\"1 minute\" \/>\n<script type=\"application\/ld+json\" class=\"yoast-schema-graph\">{\"@context\":\"https:\\\/\\\/schema.org\",\"@graph\":[{\"@type\":\"WebPage\",\"@id\":\"https:\\\/\\\/resandemassage.se\\\/\",\"url\":\"https:\\\/\\\/resandemassage.se\\\/\",\"name\":\"Hem | Massage i \u00c5re \u2013 Resande Massage %\",\"isPartOf\":{\"@id\":\"https:\\\/\\\/resandemassage.se\\\/#website\"},\"primaryImageOfPage\":{\"@id\":\"https:\\\/\\\/resandemassage.se\\\/#primaryimage\"},\"image\":{\"@id\":\"https:\\\/\\\/resandemassage.se\\\/#primaryimage\"},\"thumbnailUrl\":\"https:\\\/\\\/resandemassage.se\\\/wp-content\\\/uploads\\\/2025\\\/09\\\/SiteImage.webp\",\"datePublished\":\"2021-05-05T19:49:03+00:00\",\"dateModified\":\"2025-10-27T14:15:31+00:00\",\"description\":\"Djupg\u00e5ende och professionell massage i \u00c5re. Hemmassage, f\u00f6retagsmassage och triggerpunktbehandlingar anpassade efter dig. Boka idag!\",\"breadcrumb\":{\"@id\":\"https:\\\/\\\/resandemassage.se\\\/#breadcrumb\"},\"inLanguage\":\"en-GB\",\"potentialAction\":[{\"@type\":\"ReadAction\",\"target\":[\"https:\\\/\\\/resandemassage.se\\\/\"]}]},{\"@type\":\"ImageObject\",\"inLanguage\":\"en-GB\",\"@id\":\"https:\\\/\\\/resandemassage.se\\\/#primaryimage\",\"url\":\"https:\\\/\\\/resandemassage.se\\\/wp-content\\\/uploads\\\/2025\\\/09\\\/SiteImage.webp\",\"contentUrl\":\"https:\\\/\\\/resandemassage.se\\\/wp-content\\\/uploads\\\/2025\\\/09\\\/SiteImage.webp\",\"width\":1230,\"height\":630},{\"@type\":\"BreadcrumbList\",\"@id\":\"https:\\\/\\\/resandemassage.se\\\/#breadcrumb\",\"itemListElement\":[{\"@type\":\"ListItem\",\"position\":1,\"name\":\"Hem\",\"item\":\"https:\\\/\\\/resandemassage.se\\\/\"},{\"@type\":\"ListItem\",\"position\":2,\"name\":\"Hem\"}]},{\"@type\":\"WebSite\",\"@id\":\"https:\\\/\\\/resandemassage.se\\\/#website\",\"url\":\"https:\\\/\\\/resandemassage.se\\\/\",\"name\":\"Resande Massage - \u00c5re\",\"description\":\"Massage p\u00e5 dina vilkor!\",\"publisher\":{\"@id\":\"https:\\\/\\\/resandemassage.se\\\/#organization\"},\"potentialAction\":[{\"@type\":\"SearchAction\",\"target\":{\"@type\":\"EntryPoint\",\"urlTemplate\":\"https:\\\/\\\/resandemassage.se\\\/?s={search_term_string}\"},\"query-input\":{\"@type\":\"PropertyValueSpecification\",\"valueRequired\":true,\"valueName\":\"search_term_string\"}}],\"inLanguage\":\"en-GB\"},{\"@type\":\"Organization\",\"@id\":\"https:\\\/\\\/resandemassage.se\\\/#organization\",\"name\":\"Resande Massage - \u00c5re\",\"url\":\"https:\\\/\\\/resandemassage.se\\\/\",\"logo\":{\"@type\":\"ImageObject\",\"inLanguage\":\"en-GB\",\"@id\":\"https:\\\/\\\/resandemassage.se\\\/#\\\/schema\\\/logo\\\/image\\\/\",\"url\":\"https:\\\/\\\/resandemassage.se\\\/wp-content\\\/uploads\\\/2021\\\/05\\\/cropped-ResandeLogo_Icon_GradientGold_512x512.webp\",\"contentUrl\":\"https:\\\/\\\/resandemassage.se\\\/wp-content\\\/uploads\\\/2021\\\/05\\\/cropped-ResandeLogo_Icon_GradientGold_512x512.webp\",\"width\":512,\"height\":512,\"caption\":\"Resande Massage - \u00c5re\"},\"image\":{\"@id\":\"https:\\\/\\\/resandemassage.se\\\/#\\\/schema\\\/logo\\\/image\\\/\"},\"sameAs\":[\"https:\\\/\\\/www.facebook.com\\\/resandemassage\",\"https:\\\/\\\/www.instagram.com\\\/resandemassage\",\"https:\\\/\\\/linkedin.com\\\/company\\\/resande-massage-\u00e5re\"]}]}<\/script>\n<!-- \/ Yoast SEO plugin. -->","yoast_head_json":{"title":"Hem | Massage i \u00c5re \u2013 Resande Massage %","description":"Djupg\u00e5ende och professionell massage i \u00c5re. Hemmassage, f\u00f6retagsmassage och triggerpunktbehandlingar anpassade efter dig. Boka idag!","robots":{"index":"index","follow":"follow","max-snippet":"max-snippet:-1","max-image-preview":"max-image-preview:large","max-video-preview":"max-video-preview:-1"},"canonical":"https:\/\/resandemassage.se\/en\/","og_locale":"en_GB","og_type":"article","og_title":"Resande Massage - \u00c5re","og_description":"Jag erbjuder medicinsk massage som anpassas efter dina behov - hemma hos dig, p\u00e5 ditt f\u00f6retag eller p\u00e5 annan plats i \u00c5re med omnejd.","og_url":"https:\/\/resandemassage.se\/en\/","og_site_name":"Resande Massage \u2013 \u00c5re","article_publisher":"https:\/\/www.facebook.com\/resandemassage","article_modified_time":"2025-10-27T14:15:31+00:00","og_image":[{"width":1230,"height":630,"url":"https:\/\/resandemassage.se\/wp-content\/uploads\/2025\/09\/SiteImage.webp","type":"image\/webp"}],"twitter_card":"summary_large_image","twitter_misc":{"Estimated reading time":"1 minute"},"schema":{"@context":"https:\/\/schema.org","@graph":[{"@type":"WebPage","@id":"https:\/\/resandemassage.se\/","url":"https:\/\/resandemassage.se\/","name":"Hem | Massage i \u00c5re \u2013 Resande Massage %","isPartOf":{"@id":"https:\/\/resandemassage.se\/#website"},"primaryImageOfPage":{"@id":"https:\/\/resandemassage.se\/#primaryimage"},"image":{"@id":"https:\/\/resandemassage.se\/#primaryimage"},"thumbnailUrl":"https:\/\/resandemassage.se\/wp-content\/uploads\/2025\/09\/SiteImage.webp","datePublished":"2021-05-05T19:49:03+00:00","dateModified":"2025-10-27T14:15:31+00:00","description":"Djupg\u00e5ende och professionell massage i \u00c5re. Hemmassage, f\u00f6retagsmassage och triggerpunktbehandlingar anpassade efter dig. Boka idag!","breadcrumb":{"@id":"https:\/\/resandemassage.se\/#breadcrumb"},"inLanguage":"en-GB","potentialAction":[{"@type":"ReadAction","target":["https:\/\/resandemassage.se\/"]}]},{"@type":"ImageObject","inLanguage":"en-GB","@id":"https:\/\/resandemassage.se\/#primaryimage","url":"https:\/\/resandemassage.se\/wp-content\/uploads\/2025\/09\/SiteImage.webp","contentUrl":"https:\/\/resandemassage.se\/wp-content\/uploads\/2025\/09\/SiteImage.webp","width":1230,"height":630},{"@type":"BreadcrumbList","@id":"https:\/\/resandemassage.se\/#breadcrumb","itemListElement":[{"@type":"ListItem","position":1,"name":"Hem","item":"https:\/\/resandemassage.se\/"},{"@type":"ListItem","position":2,"name":"Hem"}]},{"@type":"WebSite","@id":"https:\/\/resandemassage.se\/#website","url":"https:\/\/resandemassage.se\/","name":"Resande Massage - \u00c5re","description":"Massage p\u00e5 dina vilkor!","publisher":{"@id":"https:\/\/resandemassage.se\/#organization"},"potentialAction":[{"@type":"SearchAction","target":{"@type":"EntryPoint","urlTemplate":"https:\/\/resandemassage.se\/?s={search_term_string}"},"query-input":{"@type":"PropertyValueSpecification","valueRequired":true,"valueName":"search_term_string"}}],"inLanguage":"en-GB"},{"@type":"Organization","@id":"https:\/\/resandemassage.se\/#organization","name":"Resande Massage - \u00c5re","url":"https:\/\/resandemassage.se\/","logo":{"@type":"ImageObject","inLanguage":"en-GB","@id":"https:\/\/resandemassage.se\/#\/schema\/logo\/image\/","url":"https:\/\/resandemassage.se\/wp-content\/uploads\/2021\/05\/cropped-ResandeLogo_Icon_GradientGold_512x512.webp","contentUrl":"https:\/\/resandemassage.se\/wp-content\/uploads\/2021\/05\/cropped-ResandeLogo_Icon_GradientGold_512x512.webp","width":512,"height":512,"caption":"Resande Massage - \u00c5re"},"image":{"@id":"https:\/\/resandemassage.se\/#\/schema\/logo\/image\/"},"sameAs":["https:\/\/www.facebook.com\/resandemassage","https:\/\/www.instagram.com\/resandemassage","https:\/\/linkedin.com\/company\/resande-massage-\u00e5re"]}]}},"_links":{"self":[{"href":"https:\/\/resandemassage.se\/en\/wp-json\/wp\/v2\/pages\/34","targetHints":{"allow":["GET"]}}],"collection":[{"href":"https:\/\/resandemassage.se\/en\/wp-json\/wp\/v2\/pages"}],"about":[{"href":"https:\/\/resandemassage.se\/en\/wp-json\/wp\/v2\/types\/page"}],"author":[{"embeddable":true,"href":"https:\/\/resandemassage.se\/en\/wp-json\/wp\/v2\/users\/1"}],"replies":[{"embeddable":true,"href":"https:\/\/resandemassage.se\/en\/wp-json\/wp\/v2\/comments?post=34"}],"version-history":[{"count":166,"href":"https:\/\/resandemassage.se\/en\/wp-json\/wp\/v2\/pages\/34\/revisions"}],"predecessor-version":[{"id":1234,"href":"https:\/\/resandemassage.se\/en\/wp-json\/wp\/v2\/pages\/34\/revisions\/1234"}],"wp:featuredmedia":[{"embeddable":true,"href":"https:\/\/resandemassage.se\/en\/wp-json\/wp\/v2\/media\/1180"}],"wp:attachment":[{"href":"https:\/\/resandemassage.se\/en\/wp-json\/wp\/v2\/media?parent=34"}],"curies":[{"name":"wp","href":"https:\/\/api.w.org\/{rel}","templated":true}]}}